{"id":58,"date":"2026-04-28T07:26:40","date_gmt":"2026-04-28T07:26:40","guid":{"rendered":"https:\/\/brave-fermat.178-170-8-246.plesk.page\/?page_id=58"},"modified":"2026-04-29T10:38:02","modified_gmt":"2026-04-29T10:38:02","slug":"mentions-legales","status":"publish","type":"page","link":"https:\/\/dazzling-greider.178-170-8-246.plesk.page\/?page_id=58","title":{"rendered":"Mentions legales"},"content":{"rendered":"<p>[et_pb_section fb_built=&#8221;1&#8243; _builder_version=&#8221;4.27.5&#8243; _module_preset=&#8221;default&#8221; global_colors_info=&#8221;{}&#8221;][et_pb_row _builder_version=&#8221;4.27.5&#8243; _module_preset=&#8221;default&#8221; global_colors_info=&#8221;{}&#8221;][et_pb_column type=&#8221;4_4&#8243; _builder_version=&#8221;4.27.5&#8243; _module_preset=&#8221;default&#8221; global_colors_info=&#8221;{}&#8221;][et_pb_text _builder_version=&#8221;4.27.5&#8243; _module_preset=&#8221;default&#8221; header_font=&#8221;Cormorant Garamond|700|||||||&#8221; header_text_color=&#8221;#002420&#8243; header_font_size=&#8221;32px&#8221; global_colors_info=&#8221;{}&#8221;]<\/p>\n<div>\n<div class=\"standard-markdown grid-cols-1 grid [&amp;_&gt;_*]:min-w-0 gap-3\">\n<h1 class=\"font-claude-response-body break-words whitespace-normal leading-[1.7]\"><strong>MENTIONS L\u00c9GALES<\/strong><\/h1>\n<\/div>\n<\/div>\n<div>\n<div class=\"standard-markdown grid-cols-1 grid [&amp;_&gt;_*]:min-w-0 gap-3\">\n<blockquote class=\"ml-2 border-l-4 border-border-300\/10 pl-4 text-text-300\">\n<p class=\"font-claude-response-body break-words whitespace-normal leading-[1.7]\"><\/blockquote>\n<\/div>\n<\/div>\n<p>[\/et_pb_text][et_pb_text _builder_version=&#8221;4.27.5&#8243; _module_preset=&#8221;default&#8221; header_font=&#8221;Cormorant Garamond||||||||&#8221; header_text_color=&#8221;#3a3a3a&#8221; header_font_size=&#8221;17px&#8221; header_letter_spacing=&#8221;1.8px&#8221; hover_enabled=&#8221;0&#8243; global_colors_info=&#8221;{}&#8221; sticky_enabled=&#8221;0&#8243;]<\/p>\n<div>\n<div class=\"standard-markdown grid-cols-1 grid [&amp;_&gt;_*]:min-w-0 gap-3\">\n<h3 class=\"font-claude-response-body break-words whitespace-normal leading-[1.7]\"><strong>Raison sociale :<\/strong> Daumesnil &amp; Cies (Selestim)<\/h3>\n<h3 class=\"font-claude-response-body break-words whitespace-normal leading-[1.7]\"><strong>Forme juridique :<\/strong> &#8212;<\/h3>\n<h3 class=\"font-claude-response-body break-words whitespace-normal leading-[1.7]\"><strong>Capital social :<\/strong> &#8212;<\/h3>\n<h3 class=\"font-claude-response-body break-words whitespace-normal leading-[1.7]\"><strong>Si\u00e8ge social :<\/strong> 28 avenue Duquesne, 75007 Paris<\/h3>\n<h3 class=\"font-claude-response-body break-words whitespace-normal leading-[1.7]\"><strong>T\u00e9l\u00e9phone :<\/strong> 01 45 02 83 37<\/h3>\n<h3 class=\"font-claude-response-body break-words whitespace-normal leading-[1.7]\"><strong>SIREN :<\/strong> &#8212;<\/h3>\n<h3 class=\"font-claude-response-body break-words whitespace-normal leading-[1.7]\"><strong>RCS :<\/strong> &#8212;<\/h3>\n<h3 class=\"font-claude-response-body break-words whitespace-normal leading-[1.7]\"><strong>N\u00b0 TVA intracommunautaire : <\/strong>&#8212;<\/h3>\n<h3 class=\"font-claude-response-body break-words whitespace-normal leading-[1.7]\"><strong>Directeur de publication :<\/strong> &#8212;<\/h3>\n<h3 class=\"font-claude-response-body break-words whitespace-normal leading-[1.7]\"><strong>H\u00e9bergeur :<\/strong> &#8212;<\/h3>\n<\/div>\n<\/div>\n<div>\n<div class=\"standard-markdown grid-cols-1 grid [&amp;_&gt;_*]:min-w-0 gap-3\">\n<blockquote class=\"ml-2 border-l-4 border-border-300\/10 pl-4 text-text-300\">\n<p class=\"font-claude-response-body break-words whitespace-normal leading-[1.7]\"><\/blockquote>\n<\/div>\n<\/div>\n<p>[\/et_pb_text][\/et_pb_column][\/et_pb_row][\/et_pb_section]<\/p>\n","protected":false},"excerpt":{"rendered":"<p>MENTIONS L\u00c9GALES Raison sociale : Daumesnil &amp; Cies (Selestim) Forme juridique : &#8212; Capital social : &#8212; Si\u00e8ge social : 28 avenue Duquesne, 75007 Paris T\u00e9l\u00e9phone : 01 45 02 83 37 SIREN : &#8212; RCS : &#8212; N\u00b0 TVA intracommunautaire : &#8212; Directeur de publication : &#8212; H\u00e9bergeur : &#8212;<\/p>\n","protected":false},"author":1,"featured_media":0,"parent":0,"menu_order":0,"comment_status":"closed","ping_status":"closed","template":"","meta":{"_et_pb_use_builder":"on","_et_pb_old_content":"<!-- wp:divi\/placeholder \/-->","_et_gb_content_width":"","footnotes":""},"class_list":["post-58","page","type-page","status-publish","hentry"],"_links":{"self":[{"href":"https:\/\/dazzling-greider.178-170-8-246.plesk.page\/index.php?rest_route=\/wp\/v2\/pages\/58","targetHints":{"allow":["GET"]}}],"collection":[{"href":"https:\/\/dazzling-greider.178-170-8-246.plesk.page\/index.php?rest_route=\/wp\/v2\/pages"}],"about":[{"href":"https:\/\/dazzling-greider.178-170-8-246.plesk.page\/index.php?rest_route=\/wp\/v2\/types\/page"}],"author":[{"embeddable":true,"href":"https:\/\/dazzling-greider.178-170-8-246.plesk.page\/index.php?rest_route=\/wp\/v2\/users\/1"}],"replies":[{"embeddable":true,"href":"https:\/\/dazzling-greider.178-170-8-246.plesk.page\/index.php?rest_route=%2Fwp%2Fv2%2Fcomments&post=58"}],"version-history":[{"count":6,"href":"https:\/\/dazzling-greider.178-170-8-246.plesk.page\/index.php?rest_route=\/wp\/v2\/pages\/58\/revisions"}],"predecessor-version":[{"id":153,"href":"https:\/\/dazzling-greider.178-170-8-246.plesk.page\/index.php?rest_route=\/wp\/v2\/pages\/58\/revisions\/153"}],"wp:attachment":[{"href":"https:\/\/dazzling-greider.178-170-8-246.plesk.page\/index.php?rest_route=%2Fwp%2Fv2%2Fmedia&parent=58"}],"curies":[{"name":"wp","href":"https:\/\/api.w.org\/{rel}","templated":true}]}}