{"id":61,"date":"2026-04-28T07:26:59","date_gmt":"2026-04-28T07:26:59","guid":{"rendered":"https:\/\/brave-fermat.178-170-8-246.plesk.page\/?page_id=61"},"modified":"2026-04-29T10:37:08","modified_gmt":"2026-04-29T10:37:08","slug":"rgpd","status":"publish","type":"page","link":"https:\/\/dazzling-greider.178-170-8-246.plesk.page\/?page_id=61","title":{"rendered":"RGPD"},"content":{"rendered":"<p>[et_pb_section fb_built=&#8221;1&#8243; _builder_version=&#8221;4.27.5&#8243; _module_preset=&#8221;default&#8221; locked=&#8221;off&#8221; global_colors_info=&#8221;{}&#8221;][et_pb_row _builder_version=&#8221;4.27.5&#8243; _module_preset=&#8221;default&#8221; global_colors_info=&#8221;{}&#8221;][et_pb_column type=&#8221;4_4&#8243; _builder_version=&#8221;4.27.5&#8243; _module_preset=&#8221;default&#8221; global_colors_info=&#8221;{}&#8221;][et_pb_text _builder_version=&#8221;4.27.5&#8243; _module_preset=&#8221;default&#8221; header_font=&#8221;Cormorant Garamond|700|||||||&#8221; header_text_color=&#8221;#002420&#8243; header_font_size=&#8221;32px&#8221; hover_enabled=&#8221;0&#8243; global_colors_info=&#8221;{}&#8221; sticky_enabled=&#8221;0&#8243;]<\/p>\n<div>\n<div class=\"standard-markdown grid-cols-1 grid [&amp;_&gt;_*]:min-w-0 gap-3\">\n<h1 class=\"font-claude-response-body break-words whitespace-normal leading-[1.7]\"><strong>RGPD<\/strong><\/h1>\n<\/div>\n<\/div>\n<div>\n<div class=\"standard-markdown grid-cols-1 grid [&amp;_&gt;_*]:min-w-0 gap-3\">\n<blockquote class=\"ml-2 border-l-4 border-border-300\/10 pl-4 text-text-300\">\n<p class=\"font-claude-response-body break-words whitespace-normal leading-[1.7]\"><\/blockquote>\n<\/div>\n<\/div>\n<p>[\/et_pb_text][et_pb_text _builder_version=&#8221;4.27.5&#8243; _module_preset=&#8221;default&#8221; header_font=&#8221;Cormorant Garamond||||||||&#8221; header_text_color=&#8221;#3a3a3a&#8221; header_font_size=&#8221;17px&#8221; header_letter_spacing=&#8221;1.8px&#8221; global_colors_info=&#8221;{}&#8221;]<\/p>\n<div class=\"standard-markdown grid-cols-1 grid [&amp;_&gt;_*]:min-w-0 gap-3\">\n<h3 class=\"font-claude-response-body break-words whitespace-normal leading-[1.7]\"><strong>Responsable du traitement :<\/strong> Vitelys<\/h3>\n<h3 class=\"font-claude-response-body break-words whitespace-normal leading-[1.7]\"><strong><\/strong><\/h3>\n<h3 class=\"font-claude-response-body break-words whitespace-normal leading-[1.7]\"><strong>Donn\u00e9es collect\u00e9es :<\/strong> Dans le cadre de votre navigation et de vos demandes de contact, nous collectons les donn\u00e9es suivantes : [nom, pr\u00e9nom, email, t\u00e9l\u00e9phone].<\/h3>\n<h3 class=\"font-claude-response-body break-words whitespace-normal leading-[1.7]\"><strong><\/strong><\/h3>\n<h3 class=\"font-claude-response-body break-words whitespace-normal leading-[1.7]\"><strong>Finalit\u00e9 :<\/strong> Ces donn\u00e9es sont utilis\u00e9es uniquement pour [r\u00e9pondre \u00e0 vos demandes \/ vous adresser des informations].<\/h3>\n<h3 class=\"font-claude-response-body break-words whitespace-normal leading-[1.7]\"><strong><\/strong><\/h3>\n<h3 class=\"font-claude-response-body break-words whitespace-normal leading-[1.7]\"><strong>Dur\u00e9e de conservation :<\/strong> Vos donn\u00e9es sont conserv\u00e9es pendant une dur\u00e9e de [X] ans.<\/h3>\n<h3 class=\"font-claude-response-body break-words whitespace-normal leading-[1.7]\"><strong><\/strong><\/h3>\n<h3 class=\"font-claude-response-body break-words whitespace-normal leading-[1.7]\"><strong>Vos droits :<\/strong> Conform\u00e9ment au RGPD, vous disposez d&#8217;un droit d&#8217;acc\u00e8s, de rectification et de suppression de vos donn\u00e9es. Pour exercer ces droits, contactez-nous \u00e0 : [<a class=\"underline underline underline-offset-2 decoration-1 decoration-current\/40 hover:decoration-current focus:decoration-current\" href=\"mailto:email@domaine.fr\">email@domaine.fr<\/a>]<\/h3>\n<\/div>\n<p>[\/et_pb_text][\/et_pb_column][\/et_pb_row][\/et_pb_section]<\/p>\n","protected":false},"excerpt":{"rendered":"<p>RGPD Responsable du traitement : Vitelys Donn\u00e9es collect\u00e9es : Dans le cadre de votre navigation et de vos demandes de contact, nous collectons les donn\u00e9es suivantes : [nom, pr\u00e9nom, email, t\u00e9l\u00e9phone]. Finalit\u00e9 : Ces donn\u00e9es sont utilis\u00e9es uniquement pour [r\u00e9pondre \u00e0 vos demandes \/ vous adresser des informations]. Dur\u00e9e de conservation : Vos donn\u00e9es sont [&hellip;]<\/p>\n","protected":false},"author":1,"featured_media":0,"parent":0,"menu_order":0,"comment_status":"closed","ping_status":"closed","template":"","meta":{"_et_pb_use_builder":"on","_et_pb_old_content":"<!-- wp:divi\/placeholder \/-->","_et_gb_content_width":"","footnotes":""},"class_list":["post-61","page","type-page","status-publish","hentry"],"_links":{"self":[{"href":"https:\/\/dazzling-greider.178-170-8-246.plesk.page\/index.php?rest_route=\/wp\/v2\/pages\/61","targetHints":{"allow":["GET"]}}],"collection":[{"href":"https:\/\/dazzling-greider.178-170-8-246.plesk.page\/index.php?rest_route=\/wp\/v2\/pages"}],"about":[{"href":"https:\/\/dazzling-greider.178-170-8-246.plesk.page\/index.php?rest_route=\/wp\/v2\/types\/page"}],"author":[{"embeddable":true,"href":"https:\/\/dazzling-greider.178-170-8-246.plesk.page\/index.php?rest_route=\/wp\/v2\/users\/1"}],"replies":[{"embeddable":true,"href":"https:\/\/dazzling-greider.178-170-8-246.plesk.page\/index.php?rest_route=%2Fwp%2Fv2%2Fcomments&post=61"}],"version-history":[{"count":5,"href":"https:\/\/dazzling-greider.178-170-8-246.plesk.page\/index.php?rest_route=\/wp\/v2\/pages\/61\/revisions"}],"predecessor-version":[{"id":151,"href":"https:\/\/dazzling-greider.178-170-8-246.plesk.page\/index.php?rest_route=\/wp\/v2\/pages\/61\/revisions\/151"}],"wp:attachment":[{"href":"https:\/\/dazzling-greider.178-170-8-246.plesk.page\/index.php?rest_route=%2Fwp%2Fv2%2Fmedia&parent=61"}],"curies":[{"name":"wp","href":"https:\/\/api.w.org\/{rel}","templated":true}]}}